{"id":9,"date":"2020-07-02T18:13:45","date_gmt":"2020-07-02T16:13:45","guid":{"rendered":"http:\/\/malacore.fr\/?page_id=9"},"modified":"2020-07-10T22:00:20","modified_gmt":"2020-07-10T20:00:20","slug":"a-propos-de","status":"publish","type":"page","link":"https:\/\/malacore.fr\/index.php\/a-propos-de\/","title":{"rendered":"\u00c0 propos de"},"content":{"rendered":"\n<p class=\"has-text-align-center\"><img loading=\"lazy\" width=\"1568\" height=\"1573\" class=\"wp-image-67\" style=\"width: 150px;\" src=\"http:\/\/malacore.fr\/wp-content\/uploads\/2020\/07\/AXA-LALLEMAND-Visage.png\" alt=\"\" srcset=\"https:\/\/malacore.fr\/wp-content\/uploads\/2020\/07\/AXA-LALLEMAND-Visage.png 1568w, https:\/\/malacore.fr\/wp-content\/uploads\/2020\/07\/AXA-LALLEMAND-Visage-300x300.png 300w, https:\/\/malacore.fr\/wp-content\/uploads\/2020\/07\/AXA-LALLEMAND-Visage-1021x1024.png 1021w, https:\/\/malacore.fr\/wp-content\/uploads\/2020\/07\/AXA-LALLEMAND-Visage-150x150.png 150w, https:\/\/malacore.fr\/wp-content\/uploads\/2020\/07\/AXA-LALLEMAND-Visage-768x770.png 768w, https:\/\/malacore.fr\/wp-content\/uploads\/2020\/07\/AXA-LALLEMAND-Visage-1531x1536.png 1531w, https:\/\/malacore.fr\/wp-content\/uploads\/2020\/07\/AXA-LALLEMAND-Visage-100x100.png 100w\" sizes=\"(max-width: 1568px) 100vw, 1568px\" \/>                    <\/p>\n\n\n\n<p>Apr\u00e8s plus de trente ans pass\u00e9s dans une grande entreprise industrielle et dans plusieurs soci\u00e9t\u00e9s du monde de la banque et de l\u2019assurance, j\u2019ai d\u00e9cid\u00e9 de me lancer en tant que consultant ind\u00e9pendant.<br>J\u2019ai cr\u00e9\u00e9 et g\u00e9r\u00e9 plusieurs d\u00e9partements informatiques ainsi que men\u00e9 \u00e0 bien des projets de grandes envergures.<\/p>\n\n\n\n<p>Aimant mobiliser les \u00e9quipes autour d\u2019objectifs communs, j&rsquo;effectue des missions de direction de programmes ou de management de transition.<\/p>\n\n\n\n<p>Dans le cadre de missions de coaching, j&rsquo;accompagne les collaborateurs pour les aider \u00e0 d\u00e9velopper leur plein potentiel<\/p>\n\n\n\n<div class=\"wp-block-buttons aligncenter\">\n<div class=\"wp-block-button\"><a class=\"wp-block-button__link\" href=\"https:\/\/www.linkedin.com\/in\/marc-lallemand-76b3106\/\" target=\"_blank\" rel=\"noreferrer noopener\">En savoir plus<\/a><\/div>\n<\/div>\n","protected":false},"excerpt":{"rendered":"<p>Apr\u00e8s plus de trente ans pass\u00e9s dans une grande entreprise industrielle et dans plusieurs soci\u00e9t\u00e9s du monde de la banque et de l\u2019assurance, j\u2019ai d\u00e9cid\u00e9 de me lancer en tant que consultant ind\u00e9pendant.J\u2019ai cr\u00e9\u00e9 et g\u00e9r\u00e9 plusieurs d\u00e9partements informatiques ainsi que men\u00e9 \u00e0 bien des projets de grandes envergures. Aimant mobiliser les \u00e9quipes autour d\u2019objectifs [&hellip;]<\/p>\n","protected":false},"author":1,"featured_media":0,"parent":0,"menu_order":0,"comment_status":"closed","ping_status":"closed","template":"","meta":[],"_links":{"self":[{"href":"https:\/\/malacore.fr\/index.php\/wp-json\/wp\/v2\/pages\/9"}],"collection":[{"href":"https:\/\/malacore.fr\/index.php\/wp-json\/wp\/v2\/pages"}],"about":[{"href":"https:\/\/malacore.fr\/index.php\/wp-json\/wp\/v2\/types\/page"}],"author":[{"embeddable":true,"href":"https:\/\/malacore.fr\/index.php\/wp-json\/wp\/v2\/users\/1"}],"replies":[{"embeddable":true,"href":"https:\/\/malacore.fr\/index.php\/wp-json\/wp\/v2\/comments?post=9"}],"version-history":[{"count":12,"href":"https:\/\/malacore.fr\/index.php\/wp-json\/wp\/v2\/pages\/9\/revisions"}],"predecessor-version":[{"id":557,"href":"https:\/\/malacore.fr\/index.php\/wp-json\/wp\/v2\/pages\/9\/revisions\/557"}],"wp:attachment":[{"href":"https:\/\/malacore.fr\/index.php\/wp-json\/wp\/v2\/media?parent=9"}],"curies":[{"name":"wp","href":"https:\/\/api.w.org\/{rel}","templated":true}]}}