{"id":57,"date":"2020-07-07T18:24:23","date_gmt":"2020-07-07T16:24:23","guid":{"rendered":"http:\/\/malacore.fr\/?page_id=57"},"modified":"2020-07-10T22:19:34","modified_gmt":"2020-07-10T20:19:34","slug":"conduite-du-changement","status":"publish","type":"page","link":"https:\/\/malacore.fr\/index.php\/conduite-du-changement\/","title":{"rendered":"Conduite du Changement"},"content":{"rendered":"<div data-colibri-id=\"57-c1\" class=\"style-326 style-local-57-c1 position-relative\">\n  <!---->\n  <div data-colibri-component=\"section\" data-colibri-id=\"57-c2\" id=\"features\" class=\"h-section h-section-global-spacing d-flex align-items-lg-center align-items-md-center align-items-center style-365 style-local-57-c2 position-relative\">\n    <!---->\n    <!---->\n    <div class=\"h-section-grid-container h-section-boxed-container\">\n      <!---->\n      <div data-colibri-id=\"57-c3\" class=\"h-row-container gutters-row-lg-2 gutters-row-md-2 gutters-row-2 gutters-row-v-lg-2 gutters-row-v-md-2 gutters-row-v-2 style-366 style-local-57-c3 position-relative\">\n        <!---->\n        <div class=\"h-row justify-content-lg-center justify-content-md-center justify-content-center align-items-lg-stretch align-items-md-stretch align-items-stretch gutters-col-lg-2 gutters-col-md-2 gutters-col-2 gutters-col-v-lg-2 gutters-col-v-md-2 gutters-col-v-2\">\n          <!---->\n          <div class=\"h-column h-column-container d-flex h-col-lg-4 h-col-md-6 h-col-12 style-367-outer style-local-57-c4-outer\">\n            <div data-colibri-id=\"57-c4\" class=\"d-flex h-flex-basis h-column__inner h-px-lg-0 h-px-md-0 h-px-0 v-inner-lg-0 v-inner-md-0 v-inner-0 style-367 style-local-57-c4 position-relative\">\n              <!---->\n              <!---->\n              <div class=\"w-100 h-y-container h-column__content h-column__v-align flex-basis-100 align-self-lg-start align-self-md-start align-self-start\">\n                <!---->\n                <div data-colibri-id=\"57-c5\" class=\"d-block style-368 style-local-57-c5 position-relative h-element\">\n                  <!---->\n                  <div class=\"h-image__frame-container-outer\">\n                    <div class=\"h-image__frame-container\">\n                      <!---->\n                      <!---->\n                      <img loading=\"lazy\" width=\"358\" height=\"141\" src=\"https:\/\/malacore.fr\/wp-content\/uploads\/2020\/07\/time_for_change.jpg\" class=\"wp-image-566 style-368-image style-local-57-c5-image\" srcset=\"https:\/\/malacore.fr\/wp-content\/uploads\/2020\/07\/time_for_change.jpg 358w, https:\/\/malacore.fr\/wp-content\/uploads\/2020\/07\/time_for_change-300x118.jpg 300w\" sizes=\"(max-width: 358px) 100vw, 358px\" alt=\"\" \/>\n                      <div class=\"h-image__frame h-hide-lg h-hide-md h-hide-sm style-368-frameImage style-local-57-c5-frameImage\"><\/div>\n                    <\/div>\n                  <\/div>\n                <\/div>\n                <div data-colibri-id=\"57-c6\" class=\"h-row-container gutters-row-lg-0 gutters-row-md-0 gutters-row-2 gutters-row-v-lg-0 gutters-row-v-md-0 gutters-row-v-2 style-369 style-local-57-c6 position-relative\">\n                  <!---->\n                  <div class=\"h-row justify-content-lg-center justify-content-md-center justify-content-center align-items-lg-stretch align-items-md-stretch align-items-stretch gutters-col-lg-0 gutters-col-md-0 gutters-col-2 gutters-col-v-lg-0 gutters-col-v-md-0 gutters-col-v-2\">\n                    <!---->\n                    <div class=\"h-column h-column-container d-flex h-col-lg-auto h-col-md-auto h-col-auto style-370-outer style-local-57-c7-outer\">\n                      <div data-colibri-id=\"57-c7\" class=\"d-flex h-flex-basis h-column__inner h-px-lg-2 h-px-md-3 h-px-2 v-inner-lg-2 v-inner-md-3 v-inner-2 style-370 style-local-57-c7 position-relative\">\n                        <!---->\n                        <!---->\n                        <div class=\"w-100 h-y-container h-column__content h-column__v-align flex-basis-100 align-self-lg-start align-self-md-start align-self-start\">\n                          <!---->\n                          <div data-colibri-id=\"57-c8\" class=\"h-global-transition-all h-heading style-371 style-local-57-c8 position-relative h-element\">\n                            <!---->\n                            <div class=\"h-heading__outer style-371 style-local-57-c8\">\n                              <!---->\n                              <!---->\n                              <h4 class=\"\">Ouvrir au changement<\/h4>\n                            <\/div>\n                          <\/div>\n                          <div data-colibri-id=\"57-c9\" class=\"h-text h-text-component style-372 style-local-57-c9 position-relative h-element\">\n                            <!---->\n                            <!---->\n                            <div class=\"\">\n                              <p><span style=\"color: rgb(70, 112, 127); font-family: &quot;Open Sans&quot;; font-size: 16px; font-weight: 400;\">L&rsquo;entreprise doit s&rsquo;adapter en permanence aux changements, faire preuve de r\u00e9activit\u00e9 et de cr\u00e9ativit\u00e9 pour r\u00e9pondre aux nouvelles demandes des clients. Cette n\u00e9cessit\u00e9 est souvent source de stress chez les collaborateurs. C&rsquo;est pourquoi dans toutes mes exp\u00e9riences de direction de projet, je m&rsquo;attache \u00e0 donner une vision claire des objectifs, \u00e0 cr\u00e9er un climat bienveillant afin que chacun prenne plaisir au changement et donne le meilleur de lui-m\u00eame<\/span><\/p>\n                            <\/div>\n                          <\/div>\n                        <\/div>\n                      <\/div>\n                    <\/div>\n                  <\/div>\n                <\/div>\n              <\/div>\n            <\/div>\n          <\/div>\n          <div class=\"h-column h-column-container d-flex h-col-lg-4 h-col-md-6 h-col-12 style-367-outer style-local-57-c10-outer\">\n            <div data-colibri-id=\"57-c10\" class=\"d-flex h-flex-basis h-column__inner h-px-lg-0 h-px-md-0 h-px-0 v-inner-lg-0 v-inner-md-0 v-inner-0 style-367 style-local-57-c10 position-relative\">\n              <!---->\n              <!---->\n              <div class=\"w-100 h-y-container h-column__content h-column__v-align flex-basis-100 align-self-lg-start align-self-md-start align-self-start\">\n                <!---->\n                <div data-colibri-id=\"57-c11\" class=\"d-block style-368 style-local-57-c11 position-relative h-element\">\n                  <!---->\n                  <div class=\"h-image__frame-container-outer\">\n                    <div class=\"h-image__frame-container\">\n                      <!---->\n                      <!---->\n                      <img loading=\"lazy\" width=\"384\" height=\"131\" src=\"https:\/\/malacore.fr\/wp-content\/uploads\/2020\/07\/make-it-possible.jpg\" class=\"wp-image-525 style-368-image style-local-57-c11-image\" srcset=\"https:\/\/malacore.fr\/wp-content\/uploads\/2020\/07\/make-it-possible.jpg 384w, https:\/\/malacore.fr\/wp-content\/uploads\/2020\/07\/make-it-possible-300x102.jpg 300w\" sizes=\"(max-width: 384px) 100vw, 384px\" alt=\"\" \/>\n                      <div class=\"h-image__frame h-hide-lg h-hide-md h-hide-sm style-368-frameImage style-local-57-c11-frameImage\"><\/div>\n                    <\/div>\n                  <\/div>\n                <\/div>\n                <div data-colibri-id=\"57-c12\" class=\"h-row-container gutters-row-lg-0 gutters-row-md-0 gutters-row-2 gutters-row-v-lg-0 gutters-row-v-md-0 gutters-row-v-2 style-369 style-local-57-c12 position-relative\">\n                  <!---->\n                  <div class=\"h-row justify-content-lg-center justify-content-md-center justify-content-center align-items-lg-stretch align-items-md-stretch align-items-stretch gutters-col-lg-0 gutters-col-md-0 gutters-col-2 gutters-col-v-lg-0 gutters-col-v-md-0 gutters-col-v-2\">\n                    <!---->\n                    <div class=\"h-column h-column-container d-flex h-col-lg-auto h-col-md-auto h-col-auto style-370-outer style-local-57-c13-outer\">\n                      <div data-colibri-id=\"57-c13\" class=\"d-flex h-flex-basis h-column__inner h-px-lg-2 h-px-md-3 h-px-2 v-inner-lg-2 v-inner-md-3 v-inner-2 style-370 style-local-57-c13 position-relative\">\n                        <!---->\n                        <!---->\n                        <div class=\"w-100 h-y-container h-column__content h-column__v-align flex-basis-100 align-self-lg-start align-self-md-start align-self-start\">\n                          <!---->\n                          <div data-colibri-id=\"57-c14\" class=\"h-global-transition-all h-heading style-371 style-local-57-c14 position-relative h-element\">\n                            <!---->\n                            <div class=\"h-heading__outer style-371 style-local-57-c14\">\n                              <!---->\n                              <!---->\n                              <h4 class=\"\">Mettre en oeuvre le changement&nbsp;<\/h4>\n                            <\/div>\n                          <\/div>\n                          <div data-colibri-id=\"57-c15\" class=\"h-text h-text-component style-372 style-local-57-c15 position-relative h-element\">\n                            <!---->\n                            <!---->\n                            <div class=\"\">\n                              <p>Le changement n&rsquo;est pas une option, il faut donc assurer sa mise en oeuvre. J&rsquo;ai d\u00e9montr\u00e9 lors de mes exp\u00e9riences en tant que directeurs de projets ma capacit\u00e9 \u00e0 piloter des projets strat\u00e9giques dans toutes les dimensions\n                                et dans toute leur complexit\u00e9.<\/p>\n                              <p>J&rsquo;ai men\u00e9 \u00e0 bien plusieurs projets avec des dates de livraisons imp\u00e9ratives ( Projets r\u00e9glementaires, projet li\u00e9 \u00e0 une fin de prestation, &#8230; )<\/p>\n                              <p>\n                                <br>\n                              <\/p>\n                            <\/div>\n                          <\/div>\n                        <\/div>\n                      <\/div>\n                    <\/div>\n                  <\/div>\n                <\/div>\n              <\/div>\n            <\/div>\n          <\/div>\n        <\/div>\n      <\/div>\n    <\/div>\n  <\/div>\n<\/div>","protected":false},"excerpt":{"rendered":"<p>Ouvrir au changement L&rsquo;entreprise doit s&rsquo;adapter en permanence aux changements, faire preuve de r\u00e9activit\u00e9 et de cr\u00e9ativit\u00e9 pour r\u00e9pondre aux nouvelles demandes des clients. Cette n\u00e9cessit\u00e9 est souvent source de stress chez les collaborateurs. C&rsquo;est pourquoi dans toutes mes exp\u00e9riences de direction de projet, je m&rsquo;attache \u00e0 donner une vision claire des objectifs, \u00e0 cr\u00e9er [&hellip;]<\/p>\n","protected":false},"author":1,"featured_media":0,"parent":0,"menu_order":0,"comment_status":"closed","ping_status":"closed","template":"page-templates\/full-width-page.php","meta":[],"_links":{"self":[{"href":"https:\/\/malacore.fr\/index.php\/wp-json\/wp\/v2\/pages\/57"}],"collection":[{"href":"https:\/\/malacore.fr\/index.php\/wp-json\/wp\/v2\/pages"}],"about":[{"href":"https:\/\/malacore.fr\/index.php\/wp-json\/wp\/v2\/types\/page"}],"author":[{"embeddable":true,"href":"https:\/\/malacore.fr\/index.php\/wp-json\/wp\/v2\/users\/1"}],"replies":[{"embeddable":true,"href":"https:\/\/malacore.fr\/index.php\/wp-json\/wp\/v2\/comments?post=57"}],"version-history":[{"count":6,"href":"https:\/\/malacore.fr\/index.php\/wp-json\/wp\/v2\/pages\/57\/revisions"}],"predecessor-version":[{"id":569,"href":"https:\/\/malacore.fr\/index.php\/wp-json\/wp\/v2\/pages\/57\/revisions\/569"}],"wp:attachment":[{"href":"https:\/\/malacore.fr\/index.php\/wp-json\/wp\/v2\/media?parent=57"}],"curies":[{"name":"wp","href":"https:\/\/api.w.org\/{rel}","templated":true}]}}