{"id":304,"date":"2020-07-09T12:11:43","date_gmt":"2020-07-09T10:11:43","guid":{"rendered":"https:\/\/malacore.fr\/?page_id=304"},"modified":"2020-07-09T14:48:58","modified_gmt":"2020-07-09T12:48:58","slug":"vivre-une-experience-agreable-et-efficace","status":"publish","type":"page","link":"https:\/\/malacore.fr\/index.php\/vivre-une-experience-agreable-et-efficace\/","title":{"rendered":"Vivre une exp\u00e9rience agr\u00e9able et efficace"},"content":{"rendered":"<div data-colibri-id=\"304-c1\" class=\"style-243 style-local-304-c1 position-relative\">\n  <!---->\n  <div data-colibri-component=\"section\" data-colibri-id=\"304-c2\" id=\"initial-content\" class=\"h-section h-section-global-spacing d-flex align-items-lg-center align-items-md-center align-items-center style-244 style-local-304-c2 position-relative\">\n    <!---->\n    <!---->\n    <div class=\"h-section-grid-container h-section-boxed-container\">\n      <!---->\n      <div data-colibri-id=\"304-c15\" class=\"h-row-container gutters-row-lg-2 gutters-row-md-2 gutters-row-0 gutters-row-v-lg-2 gutters-row-v-md-2 gutters-row-v-2 style-266 style-local-304-c15 position-relative\">\n        <!---->\n        <div class=\"h-row justify-content-lg-center justify-content-md-center justify-content-center align-items-lg-stretch align-items-md-stretch align-items-stretch gutters-col-lg-2 gutters-col-md-2 gutters-col-0 gutters-col-v-lg-2 gutters-col-v-md-2 gutters-col-v-2\">\n          <!---->\n          <div class=\"h-column h-column-container d-flex h-col-lg-auto h-col-md-auto h-col-auto style-267-outer style-local-304-c16-outer\">\n            <div data-colibri-id=\"304-c16\" class=\"d-flex h-flex-basis h-column__inner h-px-lg-2 h-px-md-2 h-px-2 v-inner-lg-2 v-inner-md-2 v-inner-2 style-267 style-local-304-c16 position-relative\">\n              <!---->\n              <!---->\n              <div class=\"w-100 h-y-container h-column__content h-column__v-align flex-basis-100 align-self-lg-start align-self-md-start align-self-start\">\n                <!---->\n                <div data-colibri-id=\"304-c17\" class=\"d-block style-253 style-local-304-c17 position-relative h-element\">\n                  <!---->\n                  <div class=\"h-image__frame-container-outer\">\n                    <div class=\"h-image__frame-container\">\n                      <!---->\n                      <!---->\n                      <img loading=\"lazy\" width=\"210\" height=\"210\" src=\"https:\/\/malacore.fr\/wp-content\/uploads\/2020\/07\/cropped-Collab_Bienveillance.jpg\" class=\"wp-image-346 style-253-image style-local-304-c17-image\" srcset=\"https:\/\/malacore.fr\/wp-content\/uploads\/2020\/07\/cropped-Collab_Bienveillance.jpg 210w, https:\/\/malacore.fr\/wp-content\/uploads\/2020\/07\/cropped-Collab_Bienveillance-150x150.jpg 150w\" sizes=\"(max-width: 210px) 100vw, 210px\" alt=\"\" \/>\n                      <div class=\"h-image__frame h-hide-lg h-hide-md h-hide-sm style-253-frameImage style-local-304-c17-frameImage\"><\/div>\n                    <\/div>\n                  <\/div>\n                <\/div>\n              <\/div>\n            <\/div>\n          <\/div>\n          <div class=\"h-column h-column-container d-flex h-col-lg-auto h-col-md-auto h-col-auto style-268-outer style-local-304-c18-outer\">\n            <div data-colibri-id=\"304-c18\" class=\"d-flex h-flex-basis h-column__inner h-px-lg-2 h-px-md-2 h-px-2 v-inner-lg-2 v-inner-md-2 v-inner-2 style-268 style-local-304-c18 position-relative\">\n              <!---->\n              <!---->\n              <div class=\"w-100 h-y-container h-column__content h-column__v-align flex-basis-100 align-self-lg-start align-self-md-start align-self-start\">\n                <!---->\n                <div data-colibri-id=\"304-c14\" class=\"h-text h-text-component style-252 style-local-304-c14 position-relative h-element\">\n                  <!---->\n                  <!---->\n                  <div class=\"\">\n                    <p>A l\u2019heure o\u00f9 la qualit\u00e9 de vie au travail, voire la qualit\u00e9 de vie tout court, est un enjeu majeur, il est important pour moi de cr\u00e9er un environnement de travail agr\u00e9able favorisant la collaboration et l\u2019\u00e9panouissement de chacun.<\/p>\n                    <p>J\u2019ai constat\u00e9 lors de mes diff\u00e9rentes exp\u00e9riences que c\u2019\u00e9tait le moyen le plus efficace pour obtenir les meilleurs r\u00e9sultats et ce, de fa\u00e7on durable.<\/p>\n                    <p>Au travers de mes s\u00e9ances de coaching ou de mes diff\u00e9rentes missions, je m\u2019attache donc \u00e0 cr\u00e9er un climat bienveillant, agr\u00e9able, o\u00f9 chacun peut donner le meilleur de lui m\u00eame et permettre l\u2019atteinte des objectifs fix\u00e9s.<\/p>\n                    <p>\n                      <br>\n                    <\/p>\n                  <\/div>\n                <\/div>\n              <\/div>\n            <\/div>\n          <\/div>\n        <\/div>\n      <\/div>\n    <\/div>\n  <\/div>\n<\/div>","protected":false},"excerpt":{"rendered":"<p>A l\u2019heure o\u00f9 la qualit\u00e9 de vie au travail, voire la qualit\u00e9 de vie tout court, est un enjeu majeur, il est important pour moi de cr\u00e9er un environnement de travail agr\u00e9able favorisant la collaboration et l\u2019\u00e9panouissement de chacun. J\u2019ai constat\u00e9 lors de mes diff\u00e9rentes exp\u00e9riences que c\u2019\u00e9tait le moyen le plus efficace pour obtenir [&hellip;]<\/p>\n","protected":false},"author":1,"featured_media":0,"parent":0,"menu_order":0,"comment_status":"closed","ping_status":"closed","template":"page-templates\/full-width-page.php","meta":[],"_links":{"self":[{"href":"https:\/\/malacore.fr\/index.php\/wp-json\/wp\/v2\/pages\/304"}],"collection":[{"href":"https:\/\/malacore.fr\/index.php\/wp-json\/wp\/v2\/pages"}],"about":[{"href":"https:\/\/malacore.fr\/index.php\/wp-json\/wp\/v2\/types\/page"}],"author":[{"embeddable":true,"href":"https:\/\/malacore.fr\/index.php\/wp-json\/wp\/v2\/users\/1"}],"replies":[{"embeddable":true,"href":"https:\/\/malacore.fr\/index.php\/wp-json\/wp\/v2\/comments?post=304"}],"version-history":[{"count":9,"href":"https:\/\/malacore.fr\/index.php\/wp-json\/wp\/v2\/pages\/304\/revisions"}],"predecessor-version":[{"id":403,"href":"https:\/\/malacore.fr\/index.php\/wp-json\/wp\/v2\/pages\/304\/revisions\/403"}],"wp:attachment":[{"href":"https:\/\/malacore.fr\/index.php\/wp-json\/wp\/v2\/media?parent=304"}],"curies":[{"name":"wp","href":"https:\/\/api.w.org\/{rel}","templated":true}]}}