{"id":253,"date":"2020-07-08T17:59:47","date_gmt":"2020-07-08T15:59:47","guid":{"rendered":"https:\/\/malacore.fr\/?page_id=253"},"modified":"2020-07-10T10:40:22","modified_gmt":"2020-07-10T08:40:22","slug":"management-de-transition","status":"publish","type":"page","link":"https:\/\/malacore.fr\/index.php\/management-de-transition\/","title":{"rendered":"Management de Transition"},"content":{"rendered":"<div data-colibri-id=\"253-c1\" class=\"style-307 style-local-253-c1 position-relative\">\n  <!---->\n  <div data-colibri-component=\"section\" data-colibri-id=\"253-c2\" id=\"custom\" class=\"h-section h-section-global-spacing d-flex align-items-lg-center align-items-md-center align-items-center style-308 style-local-253-c2 position-relative\">\n    <!---->\n    <!---->\n    <div class=\"h-section-grid-container h-section-boxed-container\">\n      <!---->\n      <div data-colibri-id=\"253-c7\" class=\"h-row-container gutters-row-lg-2 gutters-row-md-2 gutters-row-0 gutters-row-v-lg-2 gutters-row-v-md-2 gutters-row-v-2 style-313 style-local-253-c7 position-relative\">\n        <!---->\n        <div class=\"h-row justify-content-lg-center justify-content-md-center justify-content-center align-items-lg-stretch align-items-md-stretch align-items-stretch gutters-col-lg-2 gutters-col-md-2 gutters-col-0 gutters-col-v-lg-2 gutters-col-v-md-2 gutters-col-v-2\">\n          <!---->\n          <div class=\"h-column h-column-container d-flex h-col-lg-auto h-col-md-auto h-col-auto style-314-outer style-local-253-c8-outer\">\n            <div data-colibri-id=\"253-c8\" class=\"d-flex h-flex-basis h-column__inner h-px-lg-2 h-px-md-2 h-px-2 v-inner-lg-2 v-inner-md-2 v-inner-2 style-314 style-local-253-c8 position-relative\">\n              <!---->\n              <!---->\n              <div class=\"w-100 h-y-container h-column__content h-column__v-align flex-basis-100 align-self-lg-start align-self-md-start align-self-start\">\n                <!---->\n                <div data-colibri-id=\"253-c9\" class=\"h-text h-text-component style-311 style-local-253-c9 position-relative h-element\">\n                  <!---->\n                  <!---->\n                  <div class=\"\">\n                    <p>Dans des phases de transformation de l&rsquo;entreprise ou lors d&rsquo;un d\u00e9part d&rsquo;un \u00e9l\u00e9ment clef de l&rsquo;organisation, l&rsquo;appel \u00e0 un manager de transition permet d&rsquo;apporter une solution flexible et directement op\u00e9rationnelle. Cela permet \u00e9galement\n                      d&rsquo;apporter un regard ext\u00e9rieur \u00e0 l&rsquo;entreprise<\/p>\n                  <\/div>\n                <\/div>\n              <\/div>\n            <\/div>\n          <\/div>\n          <div class=\"h-column h-column-container d-flex h-col-lg-auto h-col-md-auto h-col-auto style-316-outer style-local-253-c11-outer\">\n            <div data-colibri-id=\"253-c11\" class=\"d-flex h-flex-basis h-column__inner h-px-lg-2 h-px-md-2 h-px-2 v-inner-lg-2 v-inner-md-2 v-inner-2 style-316 style-local-253-c11 position-relative\">\n              <!---->\n              <!---->\n              <div class=\"w-100 h-y-container h-column__content h-column__v-align flex-basis-100 align-self-lg-center align-self-md-center align-self-center\">\n                <!---->\n                <div data-colibri-id=\"253-c12\" class=\"d-block style-317 style-local-253-c12 position-relative h-element\">\n                  <!---->\n                  <div class=\"h-image__frame-container-outer\">\n                    <div class=\"h-image__frame-container\">\n                      <!---->\n                      <!---->\n                      <img loading=\"lazy\" width=\"296\" height=\"170\" src=\"https:\/\/malacore.fr\/wp-content\/uploads\/2020\/07\/Mgt_Transition_1.jpg\" class=\"wp-image-507 style-317-image style-local-253-c12-image\" alt=\"\" \/>\n                      <div class=\"h-image__frame h-hide-lg h-hide-md h-hide-sm style-317-frameImage style-local-253-c12-frameImage\"><\/div>\n                    <\/div>\n                  <\/div>\n                <\/div>\n              <\/div>\n            <\/div>\n          <\/div>\n          <div class=\"h-column h-column-container d-flex h-col-lg-auto h-col-md-auto h-col-auto style-318-outer style-local-253-c13-outer\">\n            <div data-colibri-id=\"253-c13\" class=\"d-flex h-flex-basis h-column__inner h-px-lg-2 h-px-md-2 h-px-2 v-inner-lg-2 v-inner-md-2 v-inner-2 style-318 style-local-253-c13 position-relative\">\n              <!---->\n              <!---->\n              <div class=\"w-100 h-y-container h-column__content h-column__v-align flex-basis-100 align-self-lg-start align-self-md-start align-self-start\">\n                <!---->\n                <div data-colibri-id=\"253-c22\" class=\"h-lead h-text h-text-component style-325 style-local-253-c22 position-relative h-element\">\n                  <!---->\n                  <!---->\n                  <div class=\"\">\n                    <p><span style=\"font-weight: 400; font-size: 16px; font-family: &quot;Open Sans&quot;; color: rgb(70, 112, 127);\">Fort de mon exp\u00e9rience en tant que manager de plusieurs d\u00e9partements informatiques et d&rsquo;adjoint de DSI, je peux intervenir rapidement en tant que DSI de PME, de responsable d&rsquo;Etudes ou de responsable d&rsquo;Exploitation<\/span><\/p>\n                  <\/div>\n                <\/div>\n              <\/div>\n            <\/div>\n          <\/div>\n        <\/div>\n      <\/div>\n    <\/div>\n  <\/div>\n<\/div>","protected":false},"excerpt":{"rendered":"<p>Dans des phases de transformation de l&rsquo;entreprise ou lors d&rsquo;un d\u00e9part d&rsquo;un \u00e9l\u00e9ment clef de l&rsquo;organisation, l&rsquo;appel \u00e0 un manager de transition permet d&rsquo;apporter une solution flexible et directement op\u00e9rationnelle. Cela permet \u00e9galement d&rsquo;apporter un regard ext\u00e9rieur \u00e0 l&rsquo;entreprise Fort de mon exp\u00e9rience en tant que manager de plusieurs d\u00e9partements informatiques et d&rsquo;adjoint de DSI, [&hellip;]<\/p>\n","protected":false},"author":1,"featured_media":0,"parent":0,"menu_order":0,"comment_status":"closed","ping_status":"closed","template":"page-templates\/full-width-page.php","meta":[],"_links":{"self":[{"href":"https:\/\/malacore.fr\/index.php\/wp-json\/wp\/v2\/pages\/253"}],"collection":[{"href":"https:\/\/malacore.fr\/index.php\/wp-json\/wp\/v2\/pages"}],"about":[{"href":"https:\/\/malacore.fr\/index.php\/wp-json\/wp\/v2\/types\/page"}],"author":[{"embeddable":true,"href":"https:\/\/malacore.fr\/index.php\/wp-json\/wp\/v2\/users\/1"}],"replies":[{"embeddable":true,"href":"https:\/\/malacore.fr\/index.php\/wp-json\/wp\/v2\/comments?post=253"}],"version-history":[{"count":3,"href":"https:\/\/malacore.fr\/index.php\/wp-json\/wp\/v2\/pages\/253\/revisions"}],"predecessor-version":[{"id":510,"href":"https:\/\/malacore.fr\/index.php\/wp-json\/wp\/v2\/pages\/253\/revisions\/510"}],"wp:attachment":[{"href":"https:\/\/malacore.fr\/index.php\/wp-json\/wp\/v2\/media?parent=253"}],"curies":[{"name":"wp","href":"https:\/\/api.w.org\/{rel}","templated":true}]}}