{"id":251,"date":"2020-07-08T17:53:24","date_gmt":"2020-07-08T15:53:24","guid":{"rendered":"https:\/\/malacore.fr\/?page_id=251"},"modified":"2020-11-21T11:49:44","modified_gmt":"2020-11-21T10:49:44","slug":"coaching","status":"publish","type":"page","link":"https:\/\/malacore.fr\/index.php\/coaching\/","title":{"rendered":"Coaching"},"content":{"rendered":"<div data-colibri-id=\"251-c1\" class=\"style-269 style-local-251-c1 position-relative\">\n  <!---->\n  <div data-colibri-component=\"section\" data-colibri-id=\"251-c2\" id=\"custom\" class=\"h-section h-section-global-spacing d-flex align-items-lg-center align-items-md-center align-items-center style-270 style-local-251-c2 position-relative\">\n    <!---->\n    <!---->\n    <div class=\"h-section-grid-container h-section-fluid-container\">\n      <!---->\n      <div data-colibri-id=\"251-c3\" class=\"h-row-container gutters-row-lg-2 gutters-row-md-2 gutters-row-0 gutters-row-v-lg-2 gutters-row-v-md-2 gutters-row-v-2 style-297 style-local-251-c3 position-relative\">\n        <!---->\n        <div class=\"h-row justify-content-lg-center justify-content-md-center justify-content-center align-items-lg-stretch align-items-md-stretch align-items-stretch gutters-col-lg-2 gutters-col-md-2 gutters-col-0 gutters-col-v-lg-2 gutters-col-v-md-2 gutters-col-v-2\">\n          <!---->\n          <div class=\"h-column h-column-container d-flex h-col-lg-auto h-col-md-auto h-col-auto style-298-outer style-local-251-c4-outer\">\n            <div data-colibri-id=\"251-c4\" class=\"d-flex h-flex-basis h-column__inner h-px-lg-2 h-px-md-2 h-px-2 v-inner-lg-2 v-inner-md-2 v-inner-2 style-298 style-local-251-c4 position-relative\">\n              <!---->\n              <!---->\n              <div class=\"w-100 h-y-container h-column__content h-column__v-align flex-basis-100 align-self-lg-start align-self-md-start align-self-start\">\n                <!---->\n                <div data-colibri-id=\"251-c5\" class=\"h-text h-text-component style-294 style-local-251-c5 position-relative h-element\">\n                  <!---->\n                  <!---->\n                  <div class=\"\">\n                    <p>Membre de l&rsquo;International Coach F\u00e9d\u00e9ration, j&rsquo;ai \u00e9t\u00e9 form\u00e9 aux 11 comp\u00e9tences requises pour \u00eatre un coach ICF par Pascale VIGNE et Ren\u00e9-David HADJADJ tous deux Master Coach depuis de nombreuses ann\u00e9es. Cette formation \u00e9clectique bas\u00e9e\n                      sur beaucoup de pratique m&rsquo;a permis d&rsquo;appr\u00e9hender diff\u00e9rentes techniques de coaching et d&rsquo;obtenir ma certification Associate Certified Coach de l&rsquo;ICF.<\/p>\n                    <p>J&rsquo;ai \u00e9galement eu la chance d&rsquo;\u00eatre form\u00e9 au coaching somatique par Josette LEPINE fondatrice de cette approche bas\u00e9e sur le corps, le mouvement et le langage non verbal.<\/p>\n                    <p>Apr\u00e8s 4 ans en tant que coach interne chez AXA France o\u00f9 j&rsquo;accompagnais des cadres sup\u00e9rieurs, j&rsquo;interviens d\u00e9sormais \u00e9galement en dehors d&rsquo;AXA.<\/p>\n                    <p>Form\u00e9 \u00e0 l&rsquo;analyse des feedback 360\u00b0, j&rsquo;aide \u00e0 l&rsquo;analyse du r\u00e9sultat et \u00e0 la d\u00e9finition du plan d&rsquo;action.<\/p>\n                    <p>Dans le cadre de mes s\u00e9ances de supervision, j&rsquo;ai abord\u00e9 le mod\u00e8le syst\u00e9mique et strat\u00e9gique de Palo Alto que j&rsquo;ai appliqu\u00e9 dans plusieurs de mes interventions.<\/p>\n                    <p>\n                      <br>\n                    <\/p>\n                  <\/div>\n                <\/div>\n              <\/div>\n            <\/div>\n          <\/div>\n        <\/div>\n      <\/div>\n      <div data-colibri-id=\"251-c6\" class=\"h-row-container gutters-row-lg-2 gutters-row-md-2 gutters-row-0 gutters-row-v-lg-2 gutters-row-v-md-2 gutters-row-v-2 style-271 style-local-251-c6 position-relative\">\n        <!---->\n        <div class=\"h-row justify-content-lg-center justify-content-md-center justify-content-center align-items-lg-stretch align-items-md-stretch align-items-stretch gutters-col-lg-2 gutters-col-md-2 gutters-col-0 gutters-col-v-lg-2 gutters-col-v-md-2 gutters-col-v-2\">\n          <!---->\n          <div class=\"h-column h-column-container d-flex h-col-lg-auto h-col-md-auto h-col-auto style-381-outer style-local-251-c19-outer\">\n            <div data-colibri-id=\"251-c19\" class=\"d-flex h-flex-basis h-column__inner h-px-lg-2 h-px-md-2 h-px-2 v-inner-lg-2 v-inner-md-2 v-inner-2 style-381 style-local-251-c19 position-relative\">\n              <!---->\n              <!---->\n              <div class=\"w-100 h-y-container h-column__content h-column__v-align flex-basis-100 align-self-lg-start align-self-md-start align-self-start\">\n                <!---->\n                <div data-colibri-id=\"251-c20\" class=\"d-block style-382 style-local-251-c20 position-relative h-element\">\n                  <!---->\n                  <div class=\"h-image__frame-container-outer\">\n                    <a href=\"https:\/\/www.youracclaim.com\/badges\/7cebbac2-95f2-442d-a8b9-89ffd5d84f2d\/public_url\" h-use-smooth-scroll=\"true\" class=\"image-link\">\n                      <div class=\"h-image__frame-container\">\n                        <!---->\n                        <!---->\n                        <img loading=\"lazy\" width=\"340\" height=\"340\" src=\"https:\/\/malacore.fr\/wp-content\/uploads\/2020\/11\/ACC_Visual.png\" class=\"wp-image-584 style-382-image style-local-251-c20-image\" srcset=\"https:\/\/malacore.fr\/wp-content\/uploads\/2020\/11\/ACC_Visual.png 340w, https:\/\/malacore.fr\/wp-content\/uploads\/2020\/11\/ACC_Visual-300x300.png 300w, https:\/\/malacore.fr\/wp-content\/uploads\/2020\/11\/ACC_Visual-150x150.png 150w\" sizes=\"(max-width: 340px) 100vw, 340px\" alt=\"\" \/>\n                        <div class=\"h-image__frame h-hide-lg h-hide-md h-hide-sm style-382-frameImage style-local-251-c20-frameImage\"><\/div>\n                      <\/div>\n                    <\/a>\n                  <\/div>\n                <\/div>\n              <\/div>\n            <\/div>\n          <\/div>\n        <\/div>\n      <\/div>\n    <\/div>\n  <\/div>\n<\/div>","protected":false},"excerpt":{"rendered":"<p>Membre de l&rsquo;International Coach F\u00e9d\u00e9ration, j&rsquo;ai \u00e9t\u00e9 form\u00e9 aux 11 comp\u00e9tences requises pour \u00eatre un coach ICF par Pascale VIGNE et Ren\u00e9-David HADJADJ tous deux Master Coach depuis de nombreuses ann\u00e9es. Cette formation \u00e9clectique bas\u00e9e sur beaucoup de pratique m&rsquo;a permis d&rsquo;appr\u00e9hender diff\u00e9rentes techniques de coaching et d&rsquo;obtenir ma certification Associate Certified Coach de l&rsquo;ICF. [&hellip;]<\/p>\n","protected":false},"author":1,"featured_media":0,"parent":0,"menu_order":0,"comment_status":"closed","ping_status":"closed","template":"page-templates\/full-width-page.php","meta":[],"_links":{"self":[{"href":"https:\/\/malacore.fr\/index.php\/wp-json\/wp\/v2\/pages\/251"}],"collection":[{"href":"https:\/\/malacore.fr\/index.php\/wp-json\/wp\/v2\/pages"}],"about":[{"href":"https:\/\/malacore.fr\/index.php\/wp-json\/wp\/v2\/types\/page"}],"author":[{"embeddable":true,"href":"https:\/\/malacore.fr\/index.php\/wp-json\/wp\/v2\/users\/1"}],"replies":[{"embeddable":true,"href":"https:\/\/malacore.fr\/index.php\/wp-json\/wp\/v2\/comments?post=251"}],"version-history":[{"count":13,"href":"https:\/\/malacore.fr\/index.php\/wp-json\/wp\/v2\/pages\/251\/revisions"}],"predecessor-version":[{"id":593,"href":"https:\/\/malacore.fr\/index.php\/wp-json\/wp\/v2\/pages\/251\/revisions\/593"}],"wp:attachment":[{"href":"https:\/\/malacore.fr\/index.php\/wp-json\/wp\/v2\/media?parent=251"}],"curies":[{"name":"wp","href":"https:\/\/api.w.org\/{rel}","templated":true}]}}